{"id":2243,"date":"2025-08-12T15:41:17","date_gmt":"2025-08-12T12:41:17","guid":{"rendered":"https:\/\/apollon.splusweb.com.tr\/iletisim\/"},"modified":"2025-08-15T20:22:57","modified_gmt":"2025-08-15T17:22:57","slug":"iletisim","status":"publish","type":"page","link":"https:\/\/www.apollontattoo.com\/tr\/iletisim\/","title":{"rendered":"\u0130leti\u015fim"},"content":{"rendered":"\n\n\t<section class=\"section dark\" id=\"section_750904471\">\n\t\t<div class=\"section-bg fill\" >\n\t\t\t<img decoding=\"async\" width=\"1400\" height=\"600\" src=\"https:\/\/www.apollontattoo.com\/wp-content\/uploads\/2025\/08\/Background-3.webp\" class=\"bg attachment-original size-original\" alt=\"\" title=\"\">\t\t\t\t\t\t\n\t\t\t\n\n\t\t<\/div>\n\n\t\t\n\n\t\t<div class=\"section-content relative\">\n\t\t\t\n\n\t<div id=\"gap-1677546545\" class=\"gap-element clearfix\" style=\"display:block; height:auto;\">\n\t\t\n<style>\n#gap-1677546545 {\n  padding-top: 25px;\n}\n<\/style>\n\t<\/div>\n\t\n\n\n\n<link href=\"https:\/\/fonts.googleapis.com\/css2?family=Poppins:wght@400;600&amp;display=swap\" rel=\"stylesheet\">\n\n<div class=\"marquee-track\">\n        <!-- GRUP-1 -->\n        <div class=\"marquee-group\">\n          <span>\u00dccretsiz Transfer ve Tasar\u0131m Hizmetimiz Vard\u0131r<\/span>\n<span>Bilgi Almak \u0130\u00e7in Bizimle \u0130leti\u015fime Ge\u00e7in<\/span>\n<span>\u00dccretsiz Transfer ve Tasar\u0131m Hizmetimiz Vard\u0131r<\/span><br><span>Bilgi Almak \u0130\u00e7in Bizimle \u0130leti\u015fime Ge\u00e7in<\/span>\n        <\/div>\n        <!-- GRUP-2 -->\n        <div class=\"marquee-group\" aria-hidden=\"true\">\n          <span>\u00dccretsiz Transfer ve Tasar\u0131m Hizmetimiz Vard\u0131r<\/span>\n<span>Bilgi Almak \u0130\u00e7in Bizimle \u0130leti\u015fime Ge\u00e7in<\/span>\n<span>\u00dccretsiz Transfer ve Tasar\u0131m Hizmetimiz Vard\u0131r<\/span>\n        <\/div>\n      <\/div>\n\n\t<div id=\"gap-783968673\" class=\"gap-element clearfix\" style=\"display:block; height:auto;\">\n\t\t\n<style>\n#gap-783968673 {\n  padding-top: 25px;\n}\n<\/style>\n\t<\/div>\n\t\n\n<div class=\"row align-center\"  id=\"row-513869665\">\n\n\n\t<div id=\"col-134793104\" class=\"col medium-10 small-12 large-6\"  >\n\t\t\t\t<div class=\"col-inner\"  >\n\t\t\t\n\t\t\t\n\n\t<div id=\"text-4049833336\" class=\"text\">\n\t\t\n\n<h1>\u0130leti\u015fim Bilgilerimiz<\/h1>\n\t\t\n<style>\n#text-4049833336 {\n  font-size: 1.8rem;\n  text-align: center;\n  color: #ffcc00;\n}\n#text-4049833336 > * {\n  color: #ffcc00;\n}\n<\/style>\n\t<\/div>\n\t\n\t<div id=\"text-368720179\" class=\"text\">\n\t\t\n\n<p><span data-text-color=\"primary\">Telefon:<\/span> <a class=\"cursor-pointer\" href=\"tel:+905334091999\" rel=\"noopener\" data-start=\"63\" data-end=\"101\">+90 533 409 19 99<\/a><br data-start=\"101\" data-end=\"104\"><span data-text-color=\"primary\">Email:<\/span> <a class=\"cursor-pointer\" href=\"mailto:info@apollontattoo.com\" rel=\"noopener\" data-start=\"118\" data-end=\"173\">info@apollontattoo.com<\/a><br data-start=\"173\" data-end=\"176\"><span data-text-color=\"primary\">Adres:<\/span> <a href=\"https:\/\/maps.app.goo.gl\/BKAing6kNRjrNQNL8\" rel=\"nofollow noopener\" target=\"_blank\">Il\u0131ca Mahallesi, Sahil Caddesi No: 28C, D:1, 07600 Manavgat \/ Antalya \u2013 T\u00fcrkiye<\/a><\/p>\n\t\t\n<style>\n#text-368720179 {\n  font-size: 1rem;\n}\n@media (min-width:550px) {\n  #text-368720179 {\n    font-size: 1.4rem;\n  }\n}\n<\/style>\n\t<\/div>\n\t\n\n\t\t<\/div>\n\t\t\t\t\n<style>\n#col-134793104 > .col-inner {\n  margin: 0px 0px 0px 0px;\n}\n<\/style>\n\t<\/div>\n\n\t\n\n\t<div id=\"col-1136902512\" class=\"col medium-12 small-12 large-6\"  >\n\t\t\t\t<div class=\"col-inner\"  >\n\t\t\t\n\t\t\t\n\n\t<div id=\"text-2387930836\" class=\"text\">\n\t\t\n\n<h2>Konumumuz<\/h2>\n\t\t\n<style>\n#text-2387930836 {\n  font-size: 1.8rem;\n  text-align: center;\n  color: #ffcc00;\n}\n#text-2387930836 > * {\n  color: #ffcc00;\n}\n<\/style>\n\t<\/div>\n\t\n\n\n<div class=\"map-dark-wrap\">\n  <iframe src=\"https:\/\/www.google.com\/maps\/embed?pb=!1m18!1m12!1m3!1d3194.746806031066!2d31.363110999999993!3d36.8006206!2m3!1f0!2f0!3f0!3m2!1i1024!2i768!4f13.1!3m3!1m2!1s0x14c35947e76fcc2f%3A0x164dc811bd710331!2sApollon%20Tattoo!5e0!3m2!1str!2str!4v1755172787111!5m2!1str!2str\" width=\"1900\" height=\"390\" style=\"border:0;\" allowfullscreen=\"\" loading=\"lazy\" referrerpolicy=\"no-referrer-when-downgrade\"><\/iframe>\n<\/div>\n\n\n\t\t<\/div>\n\t\t\t\t\t<\/div>\n\n\t\n\n<\/div>\n\n\t\t<\/div>\n\n\t\t\n<style>\n#section_750904471 {\n  padding-top: 30px;\n  padding-bottom: 30px;\n  background-color: rgb(0,0,0);\n}\n#section_750904471 .section-bg img {\n  object-position: 0% 28%;\n}\n<\/style>\n\t<\/section>\n\t\n\n","protected":false},"excerpt":{"rendered":"","protected":false},"author":3,"featured_media":2094,"parent":0,"menu_order":8,"comment_status":"closed","ping_status":"closed","template":"page-blank.php","meta":{"_joinchat":[],"footnotes":""},"class_list":["post-2243","page","type-page","status-publish","has-post-thumbnail","hentry"],"_links":{"self":[{"href":"https:\/\/www.apollontattoo.com\/tr\/wp-json\/wp\/v2\/pages\/2243","targetHints":{"allow":["GET"]}}],"collection":[{"href":"https:\/\/www.apollontattoo.com\/tr\/wp-json\/wp\/v2\/pages"}],"about":[{"href":"https:\/\/www.apollontattoo.com\/tr\/wp-json\/wp\/v2\/types\/page"}],"author":[{"embeddable":true,"href":"https:\/\/www.apollontattoo.com\/tr\/wp-json\/wp\/v2\/users\/3"}],"replies":[{"embeddable":true,"href":"https:\/\/www.apollontattoo.com\/tr\/wp-json\/wp\/v2\/comments?post=2243"}],"version-history":[{"count":1,"href":"https:\/\/www.apollontattoo.com\/tr\/wp-json\/wp\/v2\/pages\/2243\/revisions"}],"predecessor-version":[{"id":2244,"href":"https:\/\/www.apollontattoo.com\/tr\/wp-json\/wp\/v2\/pages\/2243\/revisions\/2244"}],"wp:featuredmedia":[{"embeddable":true,"href":"https:\/\/www.apollontattoo.com\/tr\/wp-json\/wp\/v2\/media\/2094"}],"wp:attachment":[{"href":"https:\/\/www.apollontattoo.com\/tr\/wp-json\/wp\/v2\/media?parent=2243"}],"curies":[{"name":"wp","href":"https:\/\/api.w.org\/{rel}","templated":true}]}}