{"id":2269,"date":"2025-08-12T19:44:44","date_gmt":"2025-08-12T16:44:44","guid":{"rendered":"https:\/\/apollon.splusweb.com.tr\/maori-dovmeler\/"},"modified":"2025-08-15T20:32:44","modified_gmt":"2025-08-15T17:32:44","slug":"maori-dovmeler","status":"publish","type":"page","link":"https:\/\/www.apollontattoo.com\/tr\/maori-dovmeler\/","title":{"rendered":"Maori D\u00f6vmeler"},"content":{"rendered":"\n\n\t<section class=\"section dark-glass-1313 dark\" id=\"section_195826792\">\n\t\t<div class=\"section-bg fill\" >\n\t\t\t\t\t\t\t\t\t\n\t\t\t\n\n\t\t<\/div>\n\n\t\t\n\n\t\t<div class=\"section-content relative\">\n\t\t\t\n\n<div class=\"row row-collapse row-full-width\"  id=\"row-112242561\">\n\n\n\t<div id=\"col-22119256\" class=\"col small-12 large-12\"  >\n\t\t\t\t<div class=\"col-inner\"  >\n\t\t\t\n\t\t\t\n\n\t<div id=\"text-1905341187\" class=\"text\">\n\t\t\n\n<h1><span style=\"font-size: 170%\" data-text-color=\"primary\">Maori D\u00f6vmeler<\/span><\/h1>\n<p>G\u00fcc\u00fc, gelene\u011fi ve k\u00fclt\u00fcrel miras\u0131 yans\u0131tan otantik Maori d\u00f6vmeleri tasarl\u0131yoruz.<\/p>\n\t\t\n<style>\n#text-1905341187 {\n  text-align: center;\n}\n<\/style>\n\t<\/div>\n\t\n\n\t\t<\/div>\n\t\t\t\t\t<\/div>\n\n\t\n\n\t<div id=\"col-1373201597\" class=\"col small-12 large-12\"  >\n\t\t\t\t<div class=\"col-inner\"  >\n\t\t\t\n\t\t\t\n\n\t<div id=\"gap-1304458289\" class=\"gap-element clearfix\" style=\"display:block; height:auto;\">\n\t\t\n<style>\n#gap-1304458289 {\n  padding-top: 25px;\n}\n<\/style>\n\t<\/div>\n\t\n\n\n\n<link href=\"https:\/\/fonts.googleapis.com\/css2?family=Poppins:wght@400;600&amp;display=swap\" rel=\"stylesheet\">\n\n<div class=\"marquee-track\">\n        <!-- GRUP-1 -->\n        <div class=\"marquee-group\">\n          <span>\u00dccretsiz Transfer ve Tasar\u0131m Hizmetimiz Vard\u0131r<\/span>\n<span>Bilgi Almak \u0130\u00e7in Bizimle \u0130leti\u015fime Ge\u00e7in<\/span>\n<span>\u00dccretsiz Transfer ve Tasar\u0131m Hizmetimiz Vard\u0131r<\/span><br><span>Bilgi Almak \u0130\u00e7in Bizimle \u0130leti\u015fime Ge\u00e7in<\/span>\n        <\/div>\n        <!-- GRUP-2 -->\n        <div class=\"marquee-group\" aria-hidden=\"true\">\n          <span>\u00dccretsiz Transfer ve Tasar\u0131m Hizmetimiz Vard\u0131r<\/span>\n<span>Bilgi Almak \u0130\u00e7in Bizimle \u0130leti\u015fime Ge\u00e7in<\/span>\n<span>\u00dccretsiz Transfer ve Tasar\u0131m Hizmetimiz Vard\u0131r<\/span>\n        <\/div>\n      <\/div>\n\n\t<div id=\"gap-60565561\" class=\"gap-element clearfix\" style=\"display:block; height:auto;\">\n\t\t\n<style>\n#gap-60565561 {\n  padding-top: 25px;\n}\n<\/style>\n\t<\/div>\n\t\n\n\n\t\t<\/div>\n\t\t\t\t\t<\/div>\n\n\t\n\n<\/div>\n<div class=\"row row-collapse\" style=\"max-width:1400px\" id=\"row-1048647751\">\n\n\n\t<div id=\"col-1429227351\" class=\"col small-12 large-12\"  >\n\t\t\t\t<div class=\"col-inner\"  >\n\t\t\t\n\t\t\t\n\n<div class=\"row row-collapse row-full-width\"  id=\"row-1615829519\">\n\n\n\t<div id=\"col-597215852\" class=\"col small-12 large-12\"  >\n\t\t\t\t<div class=\"col-inner\"  >\n\t\t\t\n\t\t\t\n\n\n  \n    <div class=\"row large-columns-4 medium-columns-3 small-columns-2 row-small row-full-width\" >\n  <div class=\"gallery-col col\" data-animate=\"bounceIn\">\n          <div class=\"col-inner\">\n            <a class=\"image-lightbox lightbox-gallery\" href=\"https:\/\/www.apollontattoo.com\/wp-content\/uploads\/2025\/08\/Maori-Tattoo-Apollon-Tattoo-1.webp\" title=\"\">            <div class=\"box has-hover gallery-box box-shade dark\">\n              <div class=\"box-image image-zoom-long box-shadow-1 box-shadow-5-hover image-cover\" style=\"border-radius:2%;width:99%;padding-top:122%;\">\n                <img decoding=\"async\" width=\"960\" height=\"1280\" src=\"https:\/\/www.apollontattoo.com\/wp-content\/uploads\/2025\/08\/Maori-Tattoo-Apollon-Tattoo-1.webp\" class=\"attachment-original size-original\" alt=\"\" ids=\"2018,2021,2024,2027,2030,2033,2036,2039\" style=\"shade\" lightbox_image_size=\"original\" col_spacing=\"small\" depth=\"1\" depth_hover=\"5\" animate=\"bounceIn\" image_height=\"122%\" image_width=\"99\" image_radius=\"2\" image_size=\"original\" image_hover=\"zoom-long\" srcset=\"https:\/\/www.apollontattoo.com\/wp-content\/uploads\/2025\/08\/Maori-Tattoo-Apollon-Tattoo-1.webp 960w, https:\/\/www.apollontattoo.com\/wp-content\/uploads\/2025\/08\/Maori-Tattoo-Apollon-Tattoo-1-225x300.webp 225w, https:\/\/www.apollontattoo.com\/wp-content\/uploads\/2025\/08\/Maori-Tattoo-Apollon-Tattoo-1-768x1024.webp 768w\" sizes=\"(max-width: 960px) 100vw, 960px\" title=\"\">                                                  <div class=\"shade\"><\/div>\n                                              <\/div>\n              <div class=\"box-text text-left\" >\n                 <p><\/p>\n              <\/div>\n            <\/div>\n            <\/a>          <\/div>\n         <\/div><div class=\"gallery-col col\" data-animate=\"bounceIn\">\n          <div class=\"col-inner\">\n            <a class=\"image-lightbox lightbox-gallery\" href=\"https:\/\/www.apollontattoo.com\/wp-content\/uploads\/2025\/08\/Maori-Tattoo-Apollon-Tattoo-2.webp\" title=\"\">            <div class=\"box has-hover gallery-box box-shade dark\">\n              <div class=\"box-image image-zoom-long box-shadow-1 box-shadow-5-hover image-cover\" style=\"border-radius:2%;width:99%;padding-top:122%;\">\n                <img decoding=\"async\" width=\"960\" height=\"1280\" src=\"https:\/\/www.apollontattoo.com\/wp-content\/uploads\/2025\/08\/Maori-Tattoo-Apollon-Tattoo-2.webp\" class=\"attachment-original size-original\" alt=\"\" ids=\"2018,2021,2024,2027,2030,2033,2036,2039\" style=\"shade\" lightbox_image_size=\"original\" col_spacing=\"small\" depth=\"1\" depth_hover=\"5\" animate=\"bounceIn\" image_height=\"122%\" image_width=\"99\" image_radius=\"2\" image_size=\"original\" image_hover=\"zoom-long\" srcset=\"https:\/\/www.apollontattoo.com\/wp-content\/uploads\/2025\/08\/Maori-Tattoo-Apollon-Tattoo-2.webp 960w, https:\/\/www.apollontattoo.com\/wp-content\/uploads\/2025\/08\/Maori-Tattoo-Apollon-Tattoo-2-225x300.webp 225w, https:\/\/www.apollontattoo.com\/wp-content\/uploads\/2025\/08\/Maori-Tattoo-Apollon-Tattoo-2-768x1024.webp 768w\" sizes=\"(max-width: 960px) 100vw, 960px\" title=\"\">                                                  <div class=\"shade\"><\/div>\n                                              <\/div>\n              <div class=\"box-text text-left\" >\n                 <p><\/p>\n              <\/div>\n            <\/div>\n            <\/a>          <\/div>\n         <\/div><div class=\"gallery-col col\" data-animate=\"bounceIn\">\n          <div class=\"col-inner\">\n            <a class=\"image-lightbox lightbox-gallery\" href=\"https:\/\/www.apollontattoo.com\/wp-content\/uploads\/2025\/08\/Maori-Tattoo-Apollon-Tattoo-3.webp\" title=\"\">            <div class=\"box has-hover gallery-box box-shade dark\">\n              <div class=\"box-image image-zoom-long box-shadow-1 box-shadow-5-hover image-cover\" style=\"border-radius:2%;width:99%;padding-top:122%;\">\n                <img decoding=\"async\" width=\"960\" height=\"1280\" src=\"https:\/\/www.apollontattoo.com\/wp-content\/uploads\/2025\/08\/Maori-Tattoo-Apollon-Tattoo-3.webp\" class=\"attachment-original size-original\" alt=\"\" ids=\"2018,2021,2024,2027,2030,2033,2036,2039\" style=\"shade\" lightbox_image_size=\"original\" col_spacing=\"small\" depth=\"1\" depth_hover=\"5\" animate=\"bounceIn\" image_height=\"122%\" image_width=\"99\" image_radius=\"2\" image_size=\"original\" image_hover=\"zoom-long\" srcset=\"https:\/\/www.apollontattoo.com\/wp-content\/uploads\/2025\/08\/Maori-Tattoo-Apollon-Tattoo-3.webp 960w, https:\/\/www.apollontattoo.com\/wp-content\/uploads\/2025\/08\/Maori-Tattoo-Apollon-Tattoo-3-225x300.webp 225w, https:\/\/www.apollontattoo.com\/wp-content\/uploads\/2025\/08\/Maori-Tattoo-Apollon-Tattoo-3-768x1024.webp 768w\" sizes=\"(max-width: 960px) 100vw, 960px\" title=\"\">                                                  <div class=\"shade\"><\/div>\n                                              <\/div>\n              <div class=\"box-text text-left\" >\n                 <p><\/p>\n              <\/div>\n            <\/div>\n            <\/a>          <\/div>\n         <\/div><div class=\"gallery-col col\" data-animate=\"bounceIn\">\n          <div class=\"col-inner\">\n            <a class=\"image-lightbox lightbox-gallery\" href=\"https:\/\/www.apollontattoo.com\/wp-content\/uploads\/2025\/08\/Maori-Tattoo-Apollon-Tattoo-4.webp\" title=\"\">            <div class=\"box has-hover gallery-box box-shade dark\">\n              <div class=\"box-image image-zoom-long box-shadow-1 box-shadow-5-hover image-cover\" style=\"border-radius:2%;width:99%;padding-top:122%;\">\n                <img decoding=\"async\" width=\"960\" height=\"1280\" src=\"https:\/\/www.apollontattoo.com\/wp-content\/uploads\/2025\/08\/Maori-Tattoo-Apollon-Tattoo-4.webp\" class=\"attachment-original size-original\" alt=\"\" ids=\"2018,2021,2024,2027,2030,2033,2036,2039\" style=\"shade\" lightbox_image_size=\"original\" col_spacing=\"small\" depth=\"1\" depth_hover=\"5\" animate=\"bounceIn\" image_height=\"122%\" image_width=\"99\" image_radius=\"2\" image_size=\"original\" image_hover=\"zoom-long\" srcset=\"https:\/\/www.apollontattoo.com\/wp-content\/uploads\/2025\/08\/Maori-Tattoo-Apollon-Tattoo-4.webp 960w, https:\/\/www.apollontattoo.com\/wp-content\/uploads\/2025\/08\/Maori-Tattoo-Apollon-Tattoo-4-225x300.webp 225w, https:\/\/www.apollontattoo.com\/wp-content\/uploads\/2025\/08\/Maori-Tattoo-Apollon-Tattoo-4-768x1024.webp 768w\" sizes=\"(max-width: 960px) 100vw, 960px\" title=\"\">                                                  <div class=\"shade\"><\/div>\n                                              <\/div>\n              <div class=\"box-text text-left\" >\n                 <p><\/p>\n              <\/div>\n            <\/div>\n            <\/a>          <\/div>\n         <\/div><div class=\"gallery-col col\" data-animate=\"bounceIn\">\n          <div class=\"col-inner\">\n            <a class=\"image-lightbox lightbox-gallery\" href=\"https:\/\/www.apollontattoo.com\/wp-content\/uploads\/2025\/08\/Maori-Tattoo-Apollon-Tattoo-5.webp\" title=\"\">            <div class=\"box has-hover gallery-box box-shade dark\">\n              <div class=\"box-image image-zoom-long box-shadow-1 box-shadow-5-hover image-cover\" style=\"border-radius:2%;width:99%;padding-top:122%;\">\n                <img decoding=\"async\" width=\"960\" height=\"1280\" src=\"https:\/\/www.apollontattoo.com\/wp-content\/uploads\/2025\/08\/Maori-Tattoo-Apollon-Tattoo-5.webp\" class=\"attachment-original size-original\" alt=\"\" ids=\"2018,2021,2024,2027,2030,2033,2036,2039\" style=\"shade\" lightbox_image_size=\"original\" col_spacing=\"small\" depth=\"1\" depth_hover=\"5\" animate=\"bounceIn\" image_height=\"122%\" image_width=\"99\" image_radius=\"2\" image_size=\"original\" image_hover=\"zoom-long\" srcset=\"https:\/\/www.apollontattoo.com\/wp-content\/uploads\/2025\/08\/Maori-Tattoo-Apollon-Tattoo-5.webp 960w, https:\/\/www.apollontattoo.com\/wp-content\/uploads\/2025\/08\/Maori-Tattoo-Apollon-Tattoo-5-225x300.webp 225w, https:\/\/www.apollontattoo.com\/wp-content\/uploads\/2025\/08\/Maori-Tattoo-Apollon-Tattoo-5-768x1024.webp 768w\" sizes=\"(max-width: 960px) 100vw, 960px\" title=\"\">                                                  <div class=\"shade\"><\/div>\n                                              <\/div>\n              <div class=\"box-text text-left\" >\n                 <p><\/p>\n              <\/div>\n            <\/div>\n            <\/a>          <\/div>\n         <\/div><div class=\"gallery-col col\" data-animate=\"bounceIn\">\n          <div class=\"col-inner\">\n            <a class=\"image-lightbox lightbox-gallery\" href=\"https:\/\/www.apollontattoo.com\/wp-content\/uploads\/2025\/08\/Maori-Tattoo-Apollon-Tattoo-6.webp\" title=\"\">            <div class=\"box has-hover gallery-box box-shade dark\">\n              <div class=\"box-image image-zoom-long box-shadow-1 box-shadow-5-hover image-cover\" style=\"border-radius:2%;width:99%;padding-top:122%;\">\n                <img decoding=\"async\" width=\"960\" height=\"1280\" src=\"https:\/\/www.apollontattoo.com\/wp-content\/uploads\/2025\/08\/Maori-Tattoo-Apollon-Tattoo-6.webp\" class=\"attachment-original size-original\" alt=\"\" ids=\"2018,2021,2024,2027,2030,2033,2036,2039\" style=\"shade\" lightbox_image_size=\"original\" col_spacing=\"small\" depth=\"1\" depth_hover=\"5\" animate=\"bounceIn\" image_height=\"122%\" image_width=\"99\" image_radius=\"2\" image_size=\"original\" image_hover=\"zoom-long\" srcset=\"https:\/\/www.apollontattoo.com\/wp-content\/uploads\/2025\/08\/Maori-Tattoo-Apollon-Tattoo-6.webp 960w, https:\/\/www.apollontattoo.com\/wp-content\/uploads\/2025\/08\/Maori-Tattoo-Apollon-Tattoo-6-225x300.webp 225w, https:\/\/www.apollontattoo.com\/wp-content\/uploads\/2025\/08\/Maori-Tattoo-Apollon-Tattoo-6-768x1024.webp 768w\" sizes=\"(max-width: 960px) 100vw, 960px\" title=\"\">                                                  <div class=\"shade\"><\/div>\n                                              <\/div>\n              <div class=\"box-text text-left\" >\n                 <p><\/p>\n              <\/div>\n            <\/div>\n            <\/a>          <\/div>\n         <\/div><div class=\"gallery-col col\" data-animate=\"bounceIn\">\n          <div class=\"col-inner\">\n            <a class=\"image-lightbox lightbox-gallery\" href=\"https:\/\/www.apollontattoo.com\/wp-content\/uploads\/2025\/08\/Maori-Tattoo-Apollon-Tattoo-7.webp\" title=\"\">            <div class=\"box has-hover gallery-box box-shade dark\">\n              <div class=\"box-image image-zoom-long box-shadow-1 box-shadow-5-hover image-cover\" style=\"border-radius:2%;width:99%;padding-top:122%;\">\n                <img decoding=\"async\" width=\"960\" height=\"1280\" src=\"https:\/\/www.apollontattoo.com\/wp-content\/uploads\/2025\/08\/Maori-Tattoo-Apollon-Tattoo-7.webp\" class=\"attachment-original size-original\" alt=\"\" ids=\"2018,2021,2024,2027,2030,2033,2036,2039\" style=\"shade\" lightbox_image_size=\"original\" col_spacing=\"small\" depth=\"1\" depth_hover=\"5\" animate=\"bounceIn\" image_height=\"122%\" image_width=\"99\" image_radius=\"2\" image_size=\"original\" image_hover=\"zoom-long\" srcset=\"https:\/\/www.apollontattoo.com\/wp-content\/uploads\/2025\/08\/Maori-Tattoo-Apollon-Tattoo-7.webp 960w, https:\/\/www.apollontattoo.com\/wp-content\/uploads\/2025\/08\/Maori-Tattoo-Apollon-Tattoo-7-225x300.webp 225w, https:\/\/www.apollontattoo.com\/wp-content\/uploads\/2025\/08\/Maori-Tattoo-Apollon-Tattoo-7-768x1024.webp 768w\" sizes=\"(max-width: 960px) 100vw, 960px\" title=\"\">                                                  <div class=\"shade\"><\/div>\n                                              <\/div>\n              <div class=\"box-text text-left\" >\n                 <p><\/p>\n              <\/div>\n            <\/div>\n            <\/a>          <\/div>\n         <\/div><div class=\"gallery-col col\" data-animate=\"bounceIn\">\n          <div class=\"col-inner\">\n            <a class=\"image-lightbox lightbox-gallery\" href=\"https:\/\/www.apollontattoo.com\/wp-content\/uploads\/2025\/08\/Maori-Tattoo-Apollon-Tattoo-8.webp\" title=\"\">            <div class=\"box has-hover gallery-box box-shade dark\">\n              <div class=\"box-image image-zoom-long box-shadow-1 box-shadow-5-hover image-cover\" style=\"border-radius:2%;width:99%;padding-top:122%;\">\n                <img decoding=\"async\" width=\"960\" height=\"1280\" src=\"https:\/\/www.apollontattoo.com\/wp-content\/uploads\/2025\/08\/Maori-Tattoo-Apollon-Tattoo-8.webp\" class=\"attachment-original size-original\" alt=\"\" ids=\"2018,2021,2024,2027,2030,2033,2036,2039\" style=\"shade\" lightbox_image_size=\"original\" col_spacing=\"small\" depth=\"1\" depth_hover=\"5\" animate=\"bounceIn\" image_height=\"122%\" image_width=\"99\" image_radius=\"2\" image_size=\"original\" image_hover=\"zoom-long\" srcset=\"https:\/\/www.apollontattoo.com\/wp-content\/uploads\/2025\/08\/Maori-Tattoo-Apollon-Tattoo-8.webp 960w, https:\/\/www.apollontattoo.com\/wp-content\/uploads\/2025\/08\/Maori-Tattoo-Apollon-Tattoo-8-225x300.webp 225w, https:\/\/www.apollontattoo.com\/wp-content\/uploads\/2025\/08\/Maori-Tattoo-Apollon-Tattoo-8-768x1024.webp 768w\" sizes=\"(max-width: 960px) 100vw, 960px\" title=\"\">                                                  <div class=\"shade\"><\/div>\n                                              <\/div>\n              <div class=\"box-text text-left\" >\n                 <p><\/p>\n              <\/div>\n            <\/div>\n            <\/a>          <\/div>\n         <\/div><\/div>\n\n\n\t\t<\/div>\n\t\t\t\t\n<style>\n#col-597215852 > .col-inner {\n  padding: 0px 20px 0px 20px;\n}\n<\/style>\n\t<\/div>\n\n\t\n\n<\/div>\n\n\n\t\t<\/div>\n\t\t\t\t\t<\/div>\n\n\t\n\n\n<style>\n#row-1048647751 > .col > .col-inner {\n  padding: 20px 0px 0px 0px;\n}\n<\/style>\n<\/div>\n\n\t\t<\/div>\n\n\t\t\n<style>\n#section_195826792 {\n  padding-top: 10px;\n  padding-bottom: 10px;\n  background-color: rgb(0,0,0);\n}\n<\/style>\n\t<\/section>\n\t\n\n","protected":false},"excerpt":{"rendered":"","protected":false},"author":3,"featured_media":2124,"parent":0,"menu_order":29,"comment_status":"closed","ping_status":"closed","template":"page-blank.php","meta":{"_joinchat":[],"footnotes":""},"class_list":["post-2269","page","type-page","status-publish","has-post-thumbnail","hentry"],"_links":{"self":[{"href":"https:\/\/www.apollontattoo.com\/tr\/wp-json\/wp\/v2\/pages\/2269","targetHints":{"allow":["GET"]}}],"collection":[{"href":"https:\/\/www.apollontattoo.com\/tr\/wp-json\/wp\/v2\/pages"}],"about":[{"href":"https:\/\/www.apollontattoo.com\/tr\/wp-json\/wp\/v2\/types\/page"}],"author":[{"embeddable":true,"href":"https:\/\/www.apollontattoo.com\/tr\/wp-json\/wp\/v2\/users\/3"}],"replies":[{"embeddable":true,"href":"https:\/\/www.apollontattoo.com\/tr\/wp-json\/wp\/v2\/comments?post=2269"}],"version-history":[{"count":2,"href":"https:\/\/www.apollontattoo.com\/tr\/wp-json\/wp\/v2\/pages\/2269\/revisions"}],"predecessor-version":[{"id":2271,"href":"https:\/\/www.apollontattoo.com\/tr\/wp-json\/wp\/v2\/pages\/2269\/revisions\/2271"}],"wp:featuredmedia":[{"embeddable":true,"href":"https:\/\/www.apollontattoo.com\/tr\/wp-json\/wp\/v2\/media\/2124"}],"wp:attachment":[{"href":"https:\/\/www.apollontattoo.com\/tr\/wp-json\/wp\/v2\/media?parent=2269"}],"curies":[{"name":"wp","href":"https:\/\/api.w.org\/{rel}","templated":true}]}}